{"id":1541,"date":"2017-03-29T05:33:12","date_gmt":"2017-03-29T05:33:12","guid":{"rendered":"http:\/\/localhost\/seville\/?page_id=18"},"modified":"2017-03-29T05:33:12","modified_gmt":"2017-03-29T05:33:12","slug":"home-three","status":"publish","type":"page","link":"https:\/\/gardenamenagement.com\/","title":{"rendered":"Accueil"},"content":{"rendered":"<div class=\"wpb-content-wrapper\"><p>[vc_row css=\u00a0\u00bb.vc_custom_1552758071406{padding-bottom: 30px !important;}\u00a0\u00bb][vc_column width=\u00a0\u00bb1\/3&Prime;][vc_hoverbox image=\u00a0\u00bb1038&Prime; primary_title=\u00a0\u00bb\u00a0\u00bb hover_title=\u00a0\u00bb\u00a0\u00bb hover_background_color=\u00a0\u00bbcustom\u00a0\u00bb hover_btn_title=\u00a0\u00bbSavoir plus\u00a0\u00bb hover_btn_color=\u00a0\u00bbwhite\u00a0\u00bb hover_btn_i_icon_fontawesome=\u00a0\u00bbfa fa-chevron-right\u00a0\u00bb hover_btn_css_animation=\u00a0\u00bbfadeIn\u00a0\u00bb hover_add_button=\u00a0\u00bbtrue\u00a0\u00bb hover_btn_add_icon=\u00a0\u00bbtrue\u00a0\u00bb hover_custom_background=\u00a0\u00bb#99d537&Prime; css=\u00a0\u00bb.vc_custom_1556559650454{margin-bottom: 20px !important;}\u00a0\u00bb hover_btn_link=\u00a0\u00bburl:http%3A%2F%2Fgardenamenagement.com%2F%3Fpage_id%3D1305|||\u00a0\u00bb]<span style=\"color: #ffffff;\">Confiez-nous votre projet de jardin, de la conception \u00e0 la r\u00e9alisation. Nous mettrons tout notre savoir-faire et notre exp\u00e9rience, pour cr\u00e9er avec passion et exigence, un d\u00e9cor v\u00e9g\u00e9tal coh\u00e9rent et harmonieux.<\/span><\/p>\n<p>[\/vc_hoverbox][\/vc_column][vc_column width=\u00a0\u00bb1\/3&Prime;][vc_hoverbox image=\u00a0\u00bb1039&Prime; primary_title=\u00a0\u00bb\u00a0\u00bb hover_title=\u00a0\u00bb\u00a0\u00bb hover_background_color=\u00a0\u00bbcustom\u00a0\u00bb hover_btn_title=\u00a0\u00bbSavoir plus\u00a0\u00bb hover_btn_color=\u00a0\u00bbwhite\u00a0\u00bb hover_btn_i_icon_fontawesome=\u00a0\u00bbfa fa-chevron-right\u00a0\u00bb hover_btn_css_animation=\u00a0\u00bbfadeIn\u00a0\u00bb hover_add_button=\u00a0\u00bbtrue\u00a0\u00bb hover_btn_add_icon=\u00a0\u00bbtrue\u00a0\u00bb hover_custom_background=\u00a0\u00bb#8a40a5&Prime; css=\u00a0\u00bb.vc_custom_1556559667208{margin-bottom: 20px !important;}\u00a0\u00bb hover_btn_link=\u00a0\u00bburl:http%3A%2F%2Fgardenamenagement.com%2F%3Fpage_id%3D1280|||\u00a0\u00bb]<span style=\"color: #ffffff;\">Afin d\u2019avoir le plus beau des jardins, une \u00e9quipe de professionnels qualifi\u00e9s r\u00e9alisera l\u2019entretien courant tels que la tonte et le d\u00e9sherbage de votre pelouse, la taille de vos haies, l\u2019arrosage de vos plantes\u2026<\/span><\/p>\n<p>[\/vc_hoverbox][\/vc_column][vc_column width=\u00a0\u00bb1\/3&Prime;][vc_hoverbox image=\u00a0\u00bb1040&Prime; primary_title=\u00a0\u00bb\u00a0\u00bb hover_title=\u00a0\u00bb\u00a0\u00bb hover_background_color=\u00a0\u00bbcustom\u00a0\u00bb hover_btn_title=\u00a0\u00bbSavoir plus\u00a0\u00bb hover_btn_color=\u00a0\u00bbwhite\u00a0\u00bb hover_btn_i_icon_fontawesome=\u00a0\u00bbfa fa-chevron-right\u00a0\u00bb hover_btn_css_animation=\u00a0\u00bbfadeIn\u00a0\u00bb hover_add_button=\u00a0\u00bbtrue\u00a0\u00bb hover_btn_add_icon=\u00a0\u00bbtrue\u00a0\u00bb hover_custom_background=\u00a0\u00bb#88888a\u00a0\u00bb css=\u00a0\u00bb.vc_custom_1556559684082{margin-bottom: 20px !important;}\u00a0\u00bb hover_btn_link=\u00a0\u00bburl:http%3A%2F%2Fgardenamenagement.com%2F%3Fpage_id%3D1286|||\u00a0\u00bb]<span style=\"color: #ffffff;\">Nous v\u00e9g\u00e9talisons toutes sortes de d\u00e9cors pour tous vos \u00e9v\u00e9nements, foire expositions, congr\u00e8s, r\u00e9ception\u2026 On vous propose la location de de plantes et d\u2019arbres, mur v\u00e9g\u00e9tal, d\u00e9cors v\u00e9g\u00e9talis\u00e9s, cascade et bassin d\u2019eau.<\/span><\/p>\n<p>[\/vc_hoverbox][\/vc_column][\/vc_row][vc_row full_width=\u00a0\u00bbstretch_row_content\u00a0\u00bb css=\u00a0\u00bb.vc_custom_1553446757436{padding-top: 70px !important;background-color: #404040 !important;}\u00a0\u00bb][vc_column][vc_row_inner][vc_column_inner width=\u00a0\u00bb1\/2&Prime;]<div id=\"cz_42557\" class=\"cz_42557 cz_title clr cz_title_ba_line cz_title_pos_inline\"><div class=\"cz_title_content\"><div class=\"cz_wpe_content\"><p><span style=\"font-size: 42px; color: #fff;\"><span style=\"font-weight: 200;\">Am\u00e9nagement<\/span> <span style=\"font-weight: 500;\">Int\u00e9rieur<\/span><\/span><\/p>\n<\/div><div class=\"cz_title_line cz_line_after_title\"><span>_<\/span><\/div><\/div><\/div>[vc_column_text]<span style=\"color: #ffffff;\">Nous avons grand besoin de faire entrer le v\u00e9g\u00e9tal dans la maison. Il en va de notre bien-\u00eatre quotidien, mais aussi du style de notre maison. Le v\u00e9g\u00e9tal a tous les atouts pour se faire une place de choix dans notre d\u00e9co avec originalit\u00e9. Fleurs, plantes, entrent dans la maison avec esth\u00e9tique; po\u00e9sie, inventivit\u00e9 et fonctionnalit\u00e9.<\/span>[\/vc_column_text][\/vc_column_inner][vc_column_inner width=\u00a0\u00bb1\/2&Prime;][vc_single_image image=\u00a0\u00bb1505&Prime; img_size=\u00a0\u00bbmedium\u00a0\u00bb alignment=\u00a0\u00bbcenter\u00a0\u00bb style=\u00a0\u00bbvc_box_outline\u00a0\u00bb border_color=\u00a0\u00bbwhite\u00a0\u00bb][\/vc_column_inner][\/vc_row_inner][vc_row_inner][vc_column_inner]<div id=\"cz_109440\" class=\"cz_grid_p cz_109440\"><div class=\"cz_grid cz_grid_1 clr cz_grid_c8 cz_grid_1_no_title cz_grid_1_mid tac\"><div class=\"cz_grid_item cz_grid_first\"><\/div><div class=\"cz_grid_item \"><div><a class=\"cz_grid_link \" href=\"https:\/\/gardenamenagement.com\/wp-content\/plugins\/codevz-plus\/assets\/img\/p.svg\" data-xtra-lightbox><img decoding=\"async\" src=\"data:image\/svg+xml,%3Csvg%20xmlns%3D&#39;http%3A%2F%2Fwww.w3.org%2F2000%2Fsvg&#39;%20width=&#39;1000&#39;%20height=&#39;1000&#39;%20viewBox%3D&#39;0%200%201000%201000&#39;%2F%3E\" data-czlz data-src=\"https:\/\/gardenamenagement.com\/wp-content\/plugins\/codevz-plus\/assets\/img\/p.svg\" class=\"xtra-placeholder \" width=\"1000\" height=\"1000\" alt=\"image\" \/><div class=\"cz_grid_details\"><i class=\"fa fa-search cz_grid_icon\"><\/i><\/div><\/a><\/div><\/div><div class=\"cz_grid_item \"><div><a class=\"cz_grid_link \" href=\"https:\/\/gardenamenagement.com\/wp-content\/plugins\/codevz-plus\/assets\/img\/p.svg\" data-xtra-lightbox><img decoding=\"async\" src=\"data:image\/svg+xml,%3Csvg%20xmlns%3D&#39;http%3A%2F%2Fwww.w3.org%2F2000%2Fsvg&#39;%20width=&#39;1000&#39;%20height=&#39;1000&#39;%20viewBox%3D&#39;0%200%201000%201000&#39;%2F%3E\" data-czlz data-src=\"https:\/\/gardenamenagement.com\/wp-content\/plugins\/codevz-plus\/assets\/img\/p.svg\" class=\"xtra-placeholder \" width=\"1000\" height=\"1000\" alt=\"image\" \/><div class=\"cz_grid_details\"><i class=\"fa fa-search cz_grid_icon\"><\/i><\/div><\/a><\/div><\/div><div class=\"cz_grid_item \"><div><a class=\"cz_grid_link \" href=\"https:\/\/gardenamenagement.com\/wp-content\/plugins\/codevz-plus\/assets\/img\/p.svg\" data-xtra-lightbox><img decoding=\"async\" src=\"data:image\/svg+xml,%3Csvg%20xmlns%3D&#39;http%3A%2F%2Fwww.w3.org%2F2000%2Fsvg&#39;%20width=&#39;1000&#39;%20height=&#39;1000&#39;%20viewBox%3D&#39;0%200%201000%201000&#39;%2F%3E\" data-czlz data-src=\"https:\/\/gardenamenagement.com\/wp-content\/plugins\/codevz-plus\/assets\/img\/p.svg\" class=\"xtra-placeholder \" width=\"1000\" height=\"1000\" alt=\"image\" \/><div class=\"cz_grid_details\"><i class=\"fa fa-search cz_grid_icon\"><\/i><\/div><\/a><\/div><\/div><div class=\"cz_grid_item \"><div><a class=\"cz_grid_link \" href=\"https:\/\/gardenamenagement.com\/wp-content\/plugins\/codevz-plus\/assets\/img\/p.svg\" data-xtra-lightbox><img decoding=\"async\" src=\"data:image\/svg+xml,%3Csvg%20xmlns%3D&#39;http%3A%2F%2Fwww.w3.org%2F2000%2Fsvg&#39;%20width=&#39;1000&#39;%20height=&#39;1000&#39;%20viewBox%3D&#39;0%200%201000%201000&#39;%2F%3E\" data-czlz data-src=\"https:\/\/gardenamenagement.com\/wp-content\/plugins\/codevz-plus\/assets\/img\/p.svg\" class=\"xtra-placeholder \" width=\"1000\" height=\"1000\" alt=\"image\" \/><div class=\"cz_grid_details\"><i class=\"fa fa-search cz_grid_icon\"><\/i><\/div><\/a><\/div><\/div><div class=\"cz_grid_item \"><div><a class=\"cz_grid_link \" href=\"https:\/\/gardenamenagement.com\/wp-content\/plugins\/codevz-plus\/assets\/img\/p.svg\" data-xtra-lightbox><img decoding=\"async\" src=\"data:image\/svg+xml,%3Csvg%20xmlns%3D&#39;http%3A%2F%2Fwww.w3.org%2F2000%2Fsvg&#39;%20width=&#39;1000&#39;%20height=&#39;1000&#39;%20viewBox%3D&#39;0%200%201000%201000&#39;%2F%3E\" data-czlz data-src=\"https:\/\/gardenamenagement.com\/wp-content\/plugins\/codevz-plus\/assets\/img\/p.svg\" class=\"xtra-placeholder \" width=\"1000\" height=\"1000\" alt=\"image\" \/><div class=\"cz_grid_details\"><i class=\"fa fa-search cz_grid_icon\"><\/i><\/div><\/a><\/div><\/div><div class=\"cz_grid_item \"><div><a class=\"cz_grid_link \" href=\"https:\/\/gardenamenagement.com\/wp-content\/plugins\/codevz-plus\/assets\/img\/p.svg\" data-xtra-lightbox><img decoding=\"async\" src=\"data:image\/svg+xml,%3Csvg%20xmlns%3D&#39;http%3A%2F%2Fwww.w3.org%2F2000%2Fsvg&#39;%20width=&#39;1000&#39;%20height=&#39;1000&#39;%20viewBox%3D&#39;0%200%201000%201000&#39;%2F%3E\" data-czlz data-src=\"https:\/\/gardenamenagement.com\/wp-content\/plugins\/codevz-plus\/assets\/img\/p.svg\" class=\"xtra-placeholder \" width=\"1000\" height=\"1000\" alt=\"image\" \/><div class=\"cz_grid_details\"><i class=\"fa fa-search cz_grid_icon\"><\/i><\/div><\/a><\/div><\/div><div class=\"cz_grid_item \"><div><a class=\"cz_grid_link \" href=\"https:\/\/gardenamenagement.com\/wp-content\/plugins\/codevz-plus\/assets\/img\/p.svg\" data-xtra-lightbox><img decoding=\"async\" src=\"data:image\/svg+xml,%3Csvg%20xmlns%3D&#39;http%3A%2F%2Fwww.w3.org%2F2000%2Fsvg&#39;%20width=&#39;1000&#39;%20height=&#39;1000&#39;%20viewBox%3D&#39;0%200%201000%201000&#39;%2F%3E\" data-czlz data-src=\"https:\/\/gardenamenagement.com\/wp-content\/plugins\/codevz-plus\/assets\/img\/p.svg\" class=\"xtra-placeholder \" width=\"1000\" height=\"1000\" alt=\"image\" \/><div class=\"cz_grid_details\"><i class=\"fa fa-search cz_grid_icon\"><\/i><\/div><\/a><\/div><\/div><div class=\"cz_grid_item \"><div><a class=\"cz_grid_link \" href=\"https:\/\/gardenamenagement.com\/wp-content\/plugins\/codevz-plus\/assets\/img\/p.svg\" data-xtra-lightbox><img decoding=\"async\" src=\"data:image\/svg+xml,%3Csvg%20xmlns%3D&#39;http%3A%2F%2Fwww.w3.org%2F2000%2Fsvg&#39;%20width=&#39;1000&#39;%20height=&#39;1000&#39;%20viewBox%3D&#39;0%200%201000%201000&#39;%2F%3E\" data-czlz data-src=\"https:\/\/gardenamenagement.com\/wp-content\/plugins\/codevz-plus\/assets\/img\/p.svg\" class=\"xtra-placeholder \" width=\"1000\" height=\"1000\" alt=\"image\" \/><div class=\"cz_grid_details\"><i class=\"fa fa-search cz_grid_icon\"><\/i><\/div><\/a><\/div><\/div><\/div><\/div>[\/vc_column_inner][\/vc_row_inner][\/vc_column][\/vc_row][vc_row full_width=\u00a0\u00bbstretch_row_content_no_spaces\u00a0\u00bb css=\u00a0\u00bb.vc_custom_1552513386857{margin-top: 30px !important;}\u00a0\u00bb][vc_column]<div id=\"cz_100247\" class=\"cz_100247 cz_banner clr cz_mobile_text_center\">\n\t\t\t<figure class=\"effect-style2\">\n\t\t\t\t<img decoding=\"async\" src=\"data:image\/svg+xml,%3Csvg%20xmlns%3D&#39;http%3A%2F%2Fwww.w3.org%2F2000%2Fsvg&#39;%20width=&#39;1000&#39;%20height=&#39;1000&#39;%20viewBox%3D&#39;0%200%201000%201000&#39;%2F%3E\" data-czlz data-src=\"https:\/\/gardenamenagement.com\/wp-content\/plugins\/codevz-plus\/assets\/img\/p.svg\" class=\"xtra-placeholder \" width=\"1000\" height=\"1000\" alt=\"image\" \/>\n\t\t\t\t<figcaption><div><h4>Garden Am\u00e9nagement<\/h4><p class=\"cz_wpe_content\">Architectes paysagistes et entrepreneurs de jardin : Cr\u00e9ation &#8211; R\u00e9alisation &#8211; Entretien<\/p><\/div><\/figcaption>\t\t\t\n\t\t\t<\/figure>\n\t\t<\/div>[\/vc_column][\/vc_row]<\/p>\n<\/div>","protected":false},"excerpt":{"rendered":"<p>[vc_row css=\u00a0\u00bb.vc_custom_1552758071406{padding-bottom: 30px !important;}\u00a0\u00bb][vc_column width=\u00a0\u00bb1\/3&Prime;][vc_hoverbox image=\u00a0\u00bb1038&Prime; primary_title=\u00a0\u00bb\u00a0\u00bb hover_title=\u00a0\u00bb\u00a0\u00bb hover_background_color=\u00a0\u00bbcustom\u00a0\u00bb hover_btn_title=\u00a0\u00bbSavoir plus\u00a0\u00bb &#8230; <\/p>\n","protected":false},"author":1,"featured_media":0,"parent":0,"menu_order":0,"comment_status":"closed","ping_status":"closed","template":"","meta":{"footnotes":""},"class_list":["post-1541","page","type-page","status-publish","hentry"],"_links":{"self":[{"href":"https:\/\/gardenamenagement.com\/index.php?rest_route=\/wp\/v2\/pages\/1541","targetHints":{"allow":["GET"]}}],"collection":[{"href":"https:\/\/gardenamenagement.com\/index.php?rest_route=\/wp\/v2\/pages"}],"about":[{"href":"https:\/\/gardenamenagement.com\/index.php?rest_route=\/wp\/v2\/types\/page"}],"author":[{"embeddable":true,"href":"https:\/\/gardenamenagement.com\/index.php?rest_route=\/wp\/v2\/users\/1"}],"replies":[{"embeddable":true,"href":"https:\/\/gardenamenagement.com\/index.php?rest_route=%2Fwp%2Fv2%2Fcomments&post=1541"}],"version-history":[{"count":0,"href":"https:\/\/gardenamenagement.com\/index.php?rest_route=\/wp\/v2\/pages\/1541\/revisions"}],"wp:attachment":[{"href":"https:\/\/gardenamenagement.com\/index.php?rest_route=%2Fwp%2Fv2%2Fmedia&parent=1541"}],"curies":[{"name":"wp","href":"https:\/\/api.w.org\/{rel}","templated":true}]}}