{"id":1426,"date":"2019-04-10T20:28:47","date_gmt":"2019-04-10T19:28:47","guid":{"rendered":"http:\/\/carthage-tech.net\/demo\/garden\/?page_id=1426"},"modified":"2019-04-10T20:28:47","modified_gmt":"2019-04-10T19:28:47","slug":"le-calendrier-de-jardin","status":"publish","type":"page","link":"https:\/\/gardenamenagement.com\/?page_id=1426","title":{"rendered":"Le calendrier de Jardin"},"content":{"rendered":"<div class=\"wpb-content-wrapper\"><p>[vc_row][vc_column width=\u00a0\u00bb1\/6&Prime;][\/vc_column][vc_column width=\u00a0\u00bb2\/3&Prime;][vc_column_text]<\/p>\n<h2 style=\"text-align: center\">Les travaux \u00e0 faire saison par saison<\/h2>\n<p>Les jardiniers le savent bien : pour cultiver fleurs ou l\u00e9gumes, il faut \u00eatre patient et se plier au rythme des saisons.Il faut aussi savoir anticiper et pr\u00e9voir les floraisons printani\u00e8res d\u00e8s le d\u00e9but de l&rsquo;ann\u00e9e. Voici un petit calendrier de jardin pour savoir quels travaux effectuer, mois par mois.[\/vc_column_text][\/vc_column][vc_column width=\u00a0\u00bb1\/6&Prime;][\/vc_column][\/vc_row][vc_row][vc_column width=\u00a0\u00bb1\/4&Prime;]<div id=\"cz_77112\" class=\"cz_77112 cz_title clr cz_title_pos_inline\"><div class=\"cz_title_content\"><div class=\"cz_wpe_content\"><p style=\"text-align: left\"><span style=\"font-family: inherit;font-size: 38px\"><span style=\"font-weight: 200;color: #490064\">En <\/span><span style=\"font-weight: 900;color: #8a40a5\">Hiver<\/span> <\/span><\/p>\n<\/div><span class=\"cz_line_side_solo cz_line_side_after\">_<\/span><\/div><\/div><div id=\"cz_88781\" class=\"cz_88781 cz_tabs clr cz_tabs_htl\"><div class=\"cz_tabs_content\"><a class=\"cz_tab_a hide\" data-tab=\"cz_42978\" href=\"#\"><span class=\"cz_tab_in_title\">Mars<\/span><\/a><div id=\"cz_42978\" class=\"cz_tab\"><div>[vc_column_text]En Mars, vous pouvez recommencer \u00e0 tondre le gazon : faites une premi\u00e8re tonte de votre pelouse pas trop courte. Faites germer des pommes de terre en vue de les planter au potager. Vous pouvez aussi semer les petits pois.[\/vc_column_text]<\/div><\/div><a class=\"cz_tab_a hide\" data-tab=\"cz_33003\" href=\"#\"><span class=\"cz_tab_in_title\">F\u00e9vrier<\/span><\/a><div id=\"cz_33003\" class=\"cz_tab\"><div>[vc_column_text]En f\u00e9vrier vous pouvez d\u00e9j\u00e0 planter des bisannuelles comme les pens\u00e9es ou les primev\u00e8res. Vouspouvez aussi forcer le canna et le b\u00e9gonia et tailler la glycine.[\/vc_column_text]<\/div><\/div><a class=\"cz_tab_a hide\" data-tab=\"cz_36817\" href=\"#\"><span class=\"cz_tab_in_title\">Janvier<\/span><\/a><div id=\"cz_36817\" class=\"cz_tab\"><div>[vc_column_text]Le mois de janvier est un mois de repos pour le jardin. C&rsquo;est le bon moment pour mettre de l&rsquo;ordre dans son abri de jardin et nettoyer ses outils.<\/p>\n<p>Vous pouvez aussi :<\/p>\n<ul>\n<li>v\u00e9rifier le paillage sur les l\u00e9gumes en place et en rajouter au besoin<\/li>\n<li>\u00e9laguer les arbres<\/li>\n<li>tailler vos arbres fruitiers (pommiers et poiriers notamment) \u00e0 la bouillie bordelaise<\/li>\n<li>tailler vos arbres fruitiers \u00e0 p\u00e9pins comme les orangers et les citronniers.<\/li>\n<\/ul>\n<p>[\/vc_column_text]<\/div><\/div><\/div><\/div>[\/vc_column][vc_column width=\u00a0\u00bb1\/4&Prime;]<div id=\"cz_98800\" class=\"cz_98800 cz_title clr cz_title_pos_inline\"><div class=\"cz_title_content\"><div class=\"cz_wpe_content\"><p style=\"text-align: left\"><span style=\"font-family: inherit;font-size: 38px\"><span style=\"font-weight: 200;color: #490064\">Au <\/span><span style=\"font-weight: 900;color: #8a40a5\">Printemps<\/span> <\/span><\/p>\n<\/div><span class=\"cz_line_side_solo cz_line_side_after\">_<\/span><\/div><\/div><div id=\"cz_88781\" class=\"cz_88781 cz_tabs clr cz_tabs_htl\"><div class=\"cz_tabs_content\"><a class=\"cz_tab_a hide\" data-tab=\"cz_71966\" href=\"#\"><span class=\"cz_tab_in_title\">Juin<\/span><\/a><div id=\"cz_71966\" class=\"cz_tab\"><div>[vc_column_text]En Juin, taillez l\u00e9g\u00e8rement les arbustes apr\u00e8s leur floraison : lilas, cytises, gen\u00eats et seringat notamment. Vous pouvez planter courgettes, poivrons, pommes de terre, concombres et melons. Pensez \u00e0 d\u00e9sherber r\u00e9guli\u00e8rement et \u00e0 arroser aux heures les moins chaudes (le matin ou le soir).[\/vc_column_text]<\/div><\/div><a class=\"cz_tab_a hide\" data-tab=\"cz_14155\" href=\"#\"><span class=\"cz_tab_in_title\">Mai<\/span><\/a><div id=\"cz_14155\" class=\"cz_tab\"><div>[vc_column_text]En Mai, c&rsquo;est le moment de planter des herbes aromatiques et de fleurir votre balcon pour l&rsquo;\u00e9t\u00e9. Vous pouvez d\u00e9j\u00e0 repiquer vos plants de tomates. C\u00f4t\u00e9 fleurs, vous pouvez faire des boutures d&rsquo;hortensia et de lilas et semer des fleurs annuelles : pavot, soucis, cosmos et \u0153illets d&rsquo;Inde entre autres&#8230;[\/vc_column_text]<\/div><\/div><a class=\"cz_tab_a hide\" data-tab=\"cz_54574\" href=\"#\"><span class=\"cz_tab_in_title\">Avril<\/span><\/a><div id=\"cz_54574\" class=\"cz_tab\"><div>[vc_column_text]Amendez votre terre avec du compost ou du fumier. Vous pouvez d\u00e9sormais planter des arbustes en conteneur, des rosiers et des dahlias ainsi que des bulbes d&rsquo;\u00e9t\u00e9 comme les gla\u00efeuls et les freesias&#8230; Vous pouvez aussi semer les fleurs annuelles.[\/vc_column_text]<\/div><\/div><\/div><\/div>[\/vc_column][vc_column width=\u00a0\u00bb1\/4&Prime;]<div id=\"cz_88794\" class=\"cz_88794 cz_title clr cz_title_pos_inline\"><div class=\"cz_title_content\"><div class=\"cz_wpe_content\"><p style=\"text-align: left\"><span style=\"font-family: inherit;font-size: 38px\"><span style=\"font-weight: 200;color: #490064\">En <\/span><span style=\"font-weight: 900;color: #8a40a5\">\u00c9t\u00e9<\/span> <\/span><\/p>\n<\/div><span class=\"cz_line_side_solo cz_line_side_after\">_<\/span><\/div><\/div><div id=\"cz_88781\" class=\"cz_88781 cz_tabs clr cz_tabs_htl\"><div class=\"cz_tabs_content\"><a class=\"cz_tab_a hide\" data-tab=\"cz_70749\" href=\"#\"><span class=\"cz_tab_in_title\">Septembre<\/span><\/a><div id=\"cz_70749\" class=\"cz_tab\"><div>[vc_column_text]En\u00a0 Septembre, faites des plantations de plantes grimpantes et d&rsquo;arbustes persistants. Ils vous permettront notamment de cr\u00e9er des haies.[\/vc_column_text]<\/div><\/div><a class=\"cz_tab_a hide\" data-tab=\"cz_46591\" href=\"#\"><span class=\"cz_tab_in_title\">Ao\u00fbt<\/span><\/a><div id=\"cz_46591\" class=\"cz_tab\"><div>[vc_column_text]En Ao\u00fbt, c&rsquo;est le moment de faire des boutures sur du bois \u00ab\u00a0semi-ao\u00fbt\u00e9\u00a0\u00bb. Vous pourrez multiplier de cette mani\u00e8re le buddleia (ou arbre \u00e0 papillons), le ch\u00e8vrefeuille ou la glycine.<\/p>\n<p>Commencez aussi \u00e0 semer vos l\u00e9gumes pour l&rsquo;automne et l&rsquo;hiver : carottes, salades (laitue, m\u00e2che, batavia, scarole), radis, oignons, choux, \u00e9pinards et navets. Vous pouvez aussi tailler vos aubergines, poivrons et melons pour qu&rsquo;ils produisent d&rsquo;avantage.[\/vc_column_text]<\/div><\/div><a class=\"cz_tab_a hide\" data-tab=\"cz_33855\" href=\"#\"><span class=\"cz_tab_in_title\">Juillet<\/span><\/a><div id=\"cz_33855\" class=\"cz_tab\"><div>[vc_column_text]En Juillet, arrosez r\u00e9guli\u00e8rement votre jardin, de pr\u00e9f\u00e9rence le matin de bonheur. V\u00e9rifier vos plantes en pots car la terre se dess\u00e8che plus vite. Pour vos pot\u00e9es, vous pouvez aussi ajouter de l&rsquo;engrais dans l&rsquo;eau d&rsquo;arrosage une fois par semaine.<\/p>\n<p>\u00c9viter de tondre la pelouse quand le soleil est plus fort pour ne pas le br\u00fbler. Vous pouvez repiquer vos g\u00e9raniums et tailler vos haies de conif\u00e8res.[\/vc_column_text]<\/div><\/div><\/div><\/div>[\/vc_column][vc_column width=\u00a0\u00bb1\/4&Prime;]<div id=\"cz_33586\" class=\"cz_33586 cz_title clr cz_title_pos_inline\"><div class=\"cz_title_content\"><div class=\"cz_wpe_content\"><p style=\"text-align: left\"><span style=\"font-family: inherit;font-size: 38px\"><span style=\"font-weight: 200;color: #490064\">En <\/span><span style=\"font-weight: 900;color: #8a40a5\">Automne<\/span> <\/span><\/p>\n<\/div><span class=\"cz_line_side_solo cz_line_side_after\">_<\/span><\/div><\/div><div id=\"cz_31655\" class=\"cz_31655 cz_tabs clr cz_tabs_htl\"><div class=\"cz_tabs_content\"><a class=\"cz_tab_a hide\" data-tab=\"cz_44508\" href=\"#\"><span class=\"cz_tab_in_title\">D\u00e9cembre<\/span><\/a><div id=\"cz_44508\" class=\"cz_tab\"><div>[vc_column_text]En\u00a0 D\u00e9cembre, vous pouvez forcer des bulbes comme la jacinthe et l&rsquo;amaryllis.<\/p>\n<ul>\n<li>commander vos graines en vue du printemps<\/li>\n<li>traiter les rosiers contre la rouille \u00e0 la bouillie bordelaise<\/li>\n<li>tailler les haies<\/li>\n<li>nourrir les oiseaux sauvages.<\/li>\n<\/ul>\n<p>[\/vc_column_text]<\/div><\/div><a class=\"cz_tab_a hide\" data-tab=\"cz_92421\" href=\"#\"><span class=\"cz_tab_in_title\">Novembre<\/span><\/a><div id=\"cz_92421\" class=\"cz_tab\"><div>[vc_column_text]En Novembre, vous pouvez continuer les plantations de haies, de bruy\u00e8res, de chrysanth\u00e8mes et de bulbes de printemps. Vous pouvez amender la terre avec du fumier ou du compost.[\/vc_column_text]<\/div><\/div><a class=\"cz_tab_a hide\" data-tab=\"cz_106373\" href=\"#\"><span class=\"cz_tab_in_title\">Octobre<\/span><\/a><div id=\"cz_106373\" class=\"cz_tab\"><div>[vc_column_text]En Octobre, tondez une derni\u00e8re fois votre pelouse pas trop court. Ramassez les feuilles mortes pour en faire du compost.<\/p>\n<p>Retirez les plantes annuelles fan\u00e9es. D\u00e9terrez les tubercules des dahlias, gla\u00efeuls et cannas et rangez-les dans un endroit frais et sombre.<\/p>\n<p>C&rsquo;est le moment de planter des vivaces et des rosiers \u00e0 racines nues. Enfin, n&rsquo;oubliez pas de rentrer les plantes qui craignent le froid : b\u00e9gonias, g\u00e9rmaniums, fuchsias et lantanas par exemple.[\/vc_column_text]<\/div><\/div><\/div><\/div>[\/vc_column][\/vc_row]<\/p>\n<\/div>","protected":false},"excerpt":{"rendered":"<p>[vc_row][vc_column width=\u00a0\u00bb1\/6&Prime;][\/vc_column][vc_column width=\u00a0\u00bb2\/3&Prime;][vc_column_text] Les travaux \u00e0 faire saison par saison Les &#8230; <\/p>\n","protected":false},"author":1,"featured_media":0,"parent":0,"menu_order":0,"comment_status":"closed","ping_status":"closed","template":"","meta":{"footnotes":""},"class_list":["post-1426","page","type-page","status-publish","hentry"],"_links":{"self":[{"href":"https:\/\/gardenamenagement.com\/index.php?rest_route=\/wp\/v2\/pages\/1426","targetHints":{"allow":["GET"]}}],"collection":[{"href":"https:\/\/gardenamenagement.com\/index.php?rest_route=\/wp\/v2\/pages"}],"about":[{"href":"https:\/\/gardenamenagement.com\/index.php?rest_route=\/wp\/v2\/types\/page"}],"author":[{"embeddable":true,"href":"https:\/\/gardenamenagement.com\/index.php?rest_route=\/wp\/v2\/users\/1"}],"replies":[{"embeddable":true,"href":"https:\/\/gardenamenagement.com\/index.php?rest_route=%2Fwp%2Fv2%2Fcomments&post=1426"}],"version-history":[{"count":0,"href":"https:\/\/gardenamenagement.com\/index.php?rest_route=\/wp\/v2\/pages\/1426\/revisions"}],"wp:attachment":[{"href":"https:\/\/gardenamenagement.com\/index.php?rest_route=%2Fwp%2Fv2%2Fmedia&parent=1426"}],"curies":[{"name":"wp","href":"https:\/\/api.w.org\/{rel}","templated":true}]}}