{"id":1280,"date":"2019-03-30T12:12:00","date_gmt":"2019-03-30T12:12:00","guid":{"rendered":"http:\/\/carthage-tech.net\/demo\/garden\/?page_id=1280"},"modified":"2019-03-30T12:12:00","modified_gmt":"2019-03-30T12:12:00","slug":"entretien","status":"publish","type":"page","link":"https:\/\/gardenamenagement.com\/?page_id=1280","title":{"rendered":"Entretien"},"content":{"rendered":"<div class=\"wpb-content-wrapper\"><p>[vc_row][vc_column width=\u00a0\u00bb1\/2&Prime;]<div id=\"cz_84094\" class=\"cz_84094 cz_title clr cz_title_pos_inline tac\"><div class=\"cz_title_shape shape_text cz_shape_1\">JARDINAGE<\/div><div class=\"cz_title_content\"><div class=\"cz_wpe_content\"><p style=\"text-align: center\"><span style=\"font-family: Montserrat;font-size: 36px;color: #666666;font-weight: 300\"><span style=\"color: #8a40a5\">ENTRETIEN<br \/>\n<\/span><\/span><\/p>\n<\/div><\/div><\/div>[vc_empty_space height=\u00a0\u00bb50px\u00a0\u00bb][vc_column_text]Afin d&rsquo;avoir le plus beau des jardins, une \u00e9quipe professionnelle r\u00e9alisera l&rsquo;entretien courant tels que la tonte et le d\u00e9sherbage de votre pelouse, la taille de vos haies, l&rsquo;arrosage de vos plantes &#8230;<\/p>\n<p>Les contrats d\u2019entretien sont d\u2019une validit\u00e9 annuelle, durant laquelle des t\u00e2ches seront effectu\u00e9es. Avec un passage hebdomadaire en saison hivernale, et deux passages bihebdomadaires en saison estivale.<\/p>\n<p>L\u2019\u00e9quipe technique se charge de\u00a0:<\/p>\n<ul>\n<li>Tonte pelouse<\/li>\n<li>D\u00e9bourgeonnage des arbres et lianes<\/li>\n<li>Tailles de formation et nettoyage des plantes<\/li>\n<li>Traitement pr\u00e9ventif et curatif des plantes<\/li>\n<li>Engraissement des plantes<\/li>\n<li>Ramassage des feuilles en p\u00e9riode de chute<\/li>\n<li>Nettoyage du chantier (\u00e9vacuation des d\u00e9chets de taille, tonte et coupe des v\u00e9g\u00e9taux)<\/li>\n<\/ul>\n<p>[\/vc_column_text][\/vc_column][vc_column width=\u00a0\u00bb1\/2&Prime;][vc_single_image image=\u00a0\u00bb1677&Prime; img_size=\u00a0\u00bblarge\u00a0\u00bb alignment=\u00a0\u00bbcenter\u00a0\u00bb style=\u00a0\u00bbvc_box_outline\u00a0\u00bb border_color=\u00a0\u00bbblack\u00a0\u00bb][\/vc_column][\/vc_row][vc_row][vc_column width=\u00a0\u00bb1\/6&Prime;][\/vc_column][vc_column width=\u00a0\u00bb2\/3&Prime;]<div id=\"cz_56680\" class=\"cz_grid_p cz_56680\"><div class=\"cz_grid cz_grid_1 clr cz_grid_c5 cz_grid_1_no_title cz_grid_1_mid tac\"><div class=\"cz_grid_item cz_grid_first\"><\/div><div class=\"cz_grid_item \"><div><a class=\"cz_grid_link \" href=\"https:\/\/gardenamenagement.com\/wp-content\/plugins\/codevz-plus\/assets\/img\/p.svg\" data-xtra-lightbox><img decoding=\"async\" src=\"data:image\/svg+xml,%3Csvg%20xmlns%3D&#39;http%3A%2F%2Fwww.w3.org%2F2000%2Fsvg&#39;%20width=&#39;1000&#39;%20height=&#39;1000&#39;%20viewBox%3D&#39;0%200%201000%201000&#39;%2F%3E\" data-czlz data-src=\"https:\/\/gardenamenagement.com\/wp-content\/plugins\/codevz-plus\/assets\/img\/p.svg\" class=\"xtra-placeholder \" width=\"1000\" height=\"1000\" alt=\"image\" \/><div class=\"cz_grid_details\"><i class=\"fa fa-search cz_grid_icon\"><\/i><\/div><\/a><\/div><\/div><div class=\"cz_grid_item \"><div><a class=\"cz_grid_link \" href=\"https:\/\/gardenamenagement.com\/wp-content\/plugins\/codevz-plus\/assets\/img\/p.svg\" data-xtra-lightbox><img decoding=\"async\" src=\"data:image\/svg+xml,%3Csvg%20xmlns%3D&#39;http%3A%2F%2Fwww.w3.org%2F2000%2Fsvg&#39;%20width=&#39;1000&#39;%20height=&#39;1000&#39;%20viewBox%3D&#39;0%200%201000%201000&#39;%2F%3E\" data-czlz data-src=\"https:\/\/gardenamenagement.com\/wp-content\/plugins\/codevz-plus\/assets\/img\/p.svg\" class=\"xtra-placeholder \" width=\"1000\" height=\"1000\" alt=\"image\" \/><div class=\"cz_grid_details\"><i class=\"fa fa-search cz_grid_icon\"><\/i><\/div><\/a><\/div><\/div><div class=\"cz_grid_item \"><div><a class=\"cz_grid_link \" href=\"https:\/\/gardenamenagement.com\/wp-content\/plugins\/codevz-plus\/assets\/img\/p.svg\" data-xtra-lightbox><img decoding=\"async\" src=\"data:image\/svg+xml,%3Csvg%20xmlns%3D&#39;http%3A%2F%2Fwww.w3.org%2F2000%2Fsvg&#39;%20width=&#39;1000&#39;%20height=&#39;1000&#39;%20viewBox%3D&#39;0%200%201000%201000&#39;%2F%3E\" data-czlz data-src=\"https:\/\/gardenamenagement.com\/wp-content\/plugins\/codevz-plus\/assets\/img\/p.svg\" class=\"xtra-placeholder \" width=\"1000\" height=\"1000\" alt=\"image\" \/><div class=\"cz_grid_details\"><i class=\"fa fa-search cz_grid_icon\"><\/i><\/div><\/a><\/div><\/div><div class=\"cz_grid_item \"><div><a class=\"cz_grid_link \" href=\"https:\/\/gardenamenagement.com\/wp-content\/plugins\/codevz-plus\/assets\/img\/p.svg\" data-xtra-lightbox><img decoding=\"async\" src=\"data:image\/svg+xml,%3Csvg%20xmlns%3D&#39;http%3A%2F%2Fwww.w3.org%2F2000%2Fsvg&#39;%20width=&#39;1000&#39;%20height=&#39;1000&#39;%20viewBox%3D&#39;0%200%201000%201000&#39;%2F%3E\" data-czlz data-src=\"https:\/\/gardenamenagement.com\/wp-content\/plugins\/codevz-plus\/assets\/img\/p.svg\" class=\"xtra-placeholder \" width=\"1000\" height=\"1000\" alt=\"image\" \/><div class=\"cz_grid_details\"><i class=\"fa fa-search cz_grid_icon\"><\/i><\/div><\/a><\/div><\/div><div class=\"cz_grid_item \"><div><a class=\"cz_grid_link \" href=\"https:\/\/gardenamenagement.com\/wp-content\/plugins\/codevz-plus\/assets\/img\/p.svg\" data-xtra-lightbox><img decoding=\"async\" src=\"data:image\/svg+xml,%3Csvg%20xmlns%3D&#39;http%3A%2F%2Fwww.w3.org%2F2000%2Fsvg&#39;%20width=&#39;1000&#39;%20height=&#39;1000&#39;%20viewBox%3D&#39;0%200%201000%201000&#39;%2F%3E\" data-czlz data-src=\"https:\/\/gardenamenagement.com\/wp-content\/plugins\/codevz-plus\/assets\/img\/p.svg\" class=\"xtra-placeholder \" width=\"1000\" height=\"1000\" alt=\"image\" \/><div class=\"cz_grid_details\"><i class=\"fa fa-search cz_grid_icon\"><\/i><\/div><\/a><\/div><\/div><\/div><\/div>[\/vc_column][vc_column width=\u00a0\u00bb1\/6&Prime;][\/vc_column][\/vc_row]<\/p>\n<\/div>","protected":false},"excerpt":{"rendered":"<p>[vc_row][vc_column width=\u00a0\u00bb1\/2&Prime;][vc_empty_space height=\u00a0\u00bb50px\u00a0\u00bb][vc_column_text]Afin d&rsquo;avoir le plus beau des jardins, une \u00e9quipe &#8230; <\/p>\n","protected":false},"author":1,"featured_media":0,"parent":0,"menu_order":0,"comment_status":"closed","ping_status":"closed","template":"","meta":{"footnotes":""},"class_list":["post-1280","page","type-page","status-publish","hentry"],"_links":{"self":[{"href":"https:\/\/gardenamenagement.com\/index.php?rest_route=\/wp\/v2\/pages\/1280","targetHints":{"allow":["GET"]}}],"collection":[{"href":"https:\/\/gardenamenagement.com\/index.php?rest_route=\/wp\/v2\/pages"}],"about":[{"href":"https:\/\/gardenamenagement.com\/index.php?rest_route=\/wp\/v2\/types\/page"}],"author":[{"embeddable":true,"href":"https:\/\/gardenamenagement.com\/index.php?rest_route=\/wp\/v2\/users\/1"}],"replies":[{"embeddable":true,"href":"https:\/\/gardenamenagement.com\/index.php?rest_route=%2Fwp%2Fv2%2Fcomments&post=1280"}],"version-history":[{"count":0,"href":"https:\/\/gardenamenagement.com\/index.php?rest_route=\/wp\/v2\/pages\/1280\/revisions"}],"wp:attachment":[{"href":"https:\/\/gardenamenagement.com\/index.php?rest_route=%2Fwp%2Fv2%2Fmedia&parent=1280"}],"curies":[{"name":"wp","href":"https:\/\/api.w.org\/{rel}","templated":true}]}}